{"id":13,"date":"2024-12-09T06:10:17","date_gmt":"2024-12-09T06:10:17","guid":{"rendered":"https:\/\/lzbmetal.com\/?page_id=13"},"modified":"2024-12-09T06:10:18","modified_gmt":"2024-12-09T06:10:18","slug":"ve-chung-toi","status":"publish","type":"page","link":"https:\/\/lzbmetal.com\/vi\/ve-chung-toi\/","title":{"rendered":"Gi\u1edbi thi\u1ec7u v\u1ec1 ch\u00fang t\u00f4i"},"content":{"rendered":"","protected":false},"excerpt":{"rendered":"","protected":false},"author":1,"featured_media":0,"parent":0,"menu_order":0,"comment_status":"closed","ping_status":"closed","template":"page\/about.php","meta":{"footnotes":""},"class_list":["post-13","page","type-page","status-publish","hentry"],"yoast_head":"<!-- This site is optimized with the Yoast SEO plugin v27.4 - https:\/\/yoast.com\/product\/yoast-seo-wordpress\/ -->\n<title>About Us - LZBMetal Products Co., Ltd<\/title>\n<meta name=\"robots\" content=\"index, follow, max-snippet:-1, max-image-preview:large, max-video-preview:-1\" \/>\n<link rel=\"canonical\" href=\"https:\/\/lzbmetal.com\/vi\/ve-chung-toi\/\" \/>\n<meta property=\"og:locale\" content=\"vi_VN\" \/>\n<meta property=\"og:type\" content=\"article\" \/>\n<meta property=\"og:title\" content=\"About Us - LZBMetal Products Co., Ltd\" \/>\n<meta property=\"og:url\" content=\"https:\/\/lzbmetal.com\/vi\/ve-chung-toi\/\" \/>\n<meta property=\"og:site_name\" content=\"LZBMetal Products Co., Ltd\" \/>\n<meta property=\"article:modified_time\" content=\"2024-12-09T06:10:18+00:00\" \/>\n<meta name=\"twitter:card\" content=\"summary_large_image\" \/>\n<script type=\"application\/ld+json\" class=\"yoast-schema-graph\">{\"@context\":\"https:\\\/\\\/schema.org\",\"@graph\":[{\"@type\":\"WebPage\",\"@id\":\"https:\\\/\\\/lzbmetal.com\\\/about-us\\\/\",\"url\":\"https:\\\/\\\/lzbmetal.com\\\/about-us\\\/\",\"name\":\"About Us - LZBMetal Products Co., Ltd\",\"isPartOf\":{\"@id\":\"https:\\\/\\\/lzbmetal.com\\\/#website\"},\"datePublished\":\"2024-12-09T06:10:17+00:00\",\"dateModified\":\"2024-12-09T06:10:18+00:00\",\"breadcrumb\":{\"@id\":\"https:\\\/\\\/lzbmetal.com\\\/about-us\\\/#breadcrumb\"},\"inLanguage\":\"vi\",\"potentialAction\":[{\"@type\":\"ReadAction\",\"target\":[\"https:\\\/\\\/lzbmetal.com\\\/about-us\\\/\"]}]},{\"@type\":\"BreadcrumbList\",\"@id\":\"https:\\\/\\\/lzbmetal.com\\\/about-us\\\/#breadcrumb\",\"itemListElement\":[{\"@type\":\"ListItem\",\"position\":1,\"name\":\"\u9996\u9875\",\"item\":\"https:\\\/\\\/lzbmetal.com\\\/\"},{\"@type\":\"ListItem\",\"position\":2,\"name\":\"About Us\"}]},{\"@type\":\"WebSite\",\"@id\":\"https:\\\/\\\/lzbmetal.com\\\/#website\",\"url\":\"https:\\\/\\\/lzbmetal.com\\\/\",\"name\":\"Hubei LZBMetal Products Co., Ltd\",\"description\":\"Your Design, Our Factory. Custom Manhole Covers Made Easy\",\"potentialAction\":[{\"@type\":\"SearchAction\",\"target\":{\"@type\":\"EntryPoint\",\"urlTemplate\":\"https:\\\/\\\/lzbmetal.com\\\/?s={search_term_string}\"},\"query-input\":{\"@type\":\"PropertyValueSpecification\",\"valueRequired\":true,\"valueName\":\"search_term_string\"}}],\"inLanguage\":\"vi\"}]}<\/script>\n<!-- \/ Yoast SEO plugin. -->","yoast_head_json":{"title":"Gi\u1edbi thi\u1ec7u v\u1ec1 ch\u00fang t\u00f4i - C\u00f4ng ty TNHH S\u1ea3n ph\u1ea9m Kim lo\u1ea1i LZBM","robots":{"index":"index","follow":"follow","max-snippet":"max-snippet:-1","max-image-preview":"max-image-preview:large","max-video-preview":"max-video-preview:-1"},"canonical":"https:\/\/lzbmetal.com\/vi\/ve-chung-toi\/","og_locale":"vi_VN","og_type":"article","og_title":"About Us - LZBMetal Products Co., Ltd","og_url":"https:\/\/lzbmetal.com\/vi\/ve-chung-toi\/","og_site_name":"LZBMetal Products Co., Ltd","article_modified_time":"2024-12-09T06:10:18+00:00","twitter_card":"summary_large_image","schema":{"@context":"https:\/\/schema.org","@graph":[{"@type":"WebPage","@id":"https:\/\/lzbmetal.com\/about-us\/","url":"https:\/\/lzbmetal.com\/about-us\/","name":"Gi\u1edbi thi\u1ec7u v\u1ec1 ch\u00fang t\u00f4i - C\u00f4ng ty TNHH S\u1ea3n ph\u1ea9m Kim lo\u1ea1i LZBM","isPartOf":{"@id":"https:\/\/lzbmetal.com\/#website"},"datePublished":"2024-12-09T06:10:17+00:00","dateModified":"2024-12-09T06:10:18+00:00","breadcrumb":{"@id":"https:\/\/lzbmetal.com\/about-us\/#breadcrumb"},"inLanguage":"vi","potentialAction":[{"@type":"ReadAction","target":["https:\/\/lzbmetal.com\/about-us\/"]}]},{"@type":"BreadcrumbList","@id":"https:\/\/lzbmetal.com\/about-us\/#breadcrumb","itemListElement":[{"@type":"ListItem","position":1,"name":"\u9996\u9875","item":"https:\/\/lzbmetal.com\/"},{"@type":"ListItem","position":2,"name":"About Us"}]},{"@type":"WebSite","@id":"https:\/\/lzbmetal.com\/#website","url":"https:\/\/lzbmetal.com\/","name":"C\u00f4ng ty TNHH S\u1ea3n ph\u1ea9m Kim lo\u1ea1i H\u1ed3 B\u1eafc LZB","description":"Thi\u1ebft k\u1ebf c\u1ee7a b\u1ea1n, nh\u00e0 m\u00e1y c\u1ee7a ch\u00fang t\u00f4i. S\u1ea3n xu\u1ea5t n\u1eafp c\u1ed1ng theo y\u00eau c\u1ea7u d\u1ec5 d\u00e0ng.","potentialAction":[{"@type":"SearchAction","target":{"@type":"EntryPoint","urlTemplate":"https:\/\/lzbmetal.com\/?s={search_term_string}"},"query-input":{"@type":"PropertyValueSpecification","valueRequired":true,"valueName":"search_term_string"}}],"inLanguage":"vi"}]}},"_links":{"self":[{"href":"https:\/\/lzbmetal.com\/vi\/wp-json\/wp\/v2\/pages\/13","targetHints":{"allow":["GET"]}}],"collection":[{"href":"https:\/\/lzbmetal.com\/vi\/wp-json\/wp\/v2\/pages"}],"about":[{"href":"https:\/\/lzbmetal.com\/vi\/wp-json\/wp\/v2\/types\/page"}],"author":[{"embeddable":true,"href":"https:\/\/lzbmetal.com\/vi\/wp-json\/wp\/v2\/users\/1"}],"replies":[{"embeddable":true,"href":"https:\/\/lzbmetal.com\/vi\/wp-json\/wp\/v2\/comments?post=13"}],"version-history":[{"count":1,"href":"https:\/\/lzbmetal.com\/vi\/wp-json\/wp\/v2\/pages\/13\/revisions"}],"predecessor-version":[{"id":14,"href":"https:\/\/lzbmetal.com\/vi\/wp-json\/wp\/v2\/pages\/13\/revisions\/14"}],"wp:attachment":[{"href":"https:\/\/lzbmetal.com\/vi\/wp-json\/wp\/v2\/media?parent=13"}],"curies":[{"name":"wp","href":"https:\/\/api.w.org\/{rel}","templated":true}]}}